{"id":41,"date":"2017-08-17T10:03:38","date_gmt":"2017-08-17T13:03:38","guid":{"rendered":"http:\/\/www.aplicativorepasse.com.br\/blog\/?page_id=41"},"modified":"2017-08-22T16:58:19","modified_gmt":"2017-08-22T19:58:19","slug":"baixar","status":"publish","type":"page","link":"https:\/\/repasses.com.br\/blog\/baixar\/","title":{"rendered":"Baixar"},"content":{"rendered":"<h1 style=\"text-align: center;\">Baixe o Aplicativo Repasse<\/h1>\n<p style=\"text-align: center;\">&#8212;&#8212;&#8212;&#8212;&#8212;&#8212;&#8212;<\/p>\n<p style=\"text-align: center;\">Instale e conhe\u00e7a o melhor Aplicativo para compra e venda de ve\u00edculos de Repasse do Brasil.<\/p>\n<p style=\"text-align: center;\">Centenas de lojistas, profissionais do ramo e particulares para voc\u00ea negociar. Em todas as ofertas, voc\u00ea tem a certeza de que o valor est\u00e1 abaixo da tabela FIPE.<\/p>\n<p><img loading=\"lazy\" class=\"aligncenter wp-image-92\" style=\"float: left; margin: 10px 20px;\" src=\"http:\/\/www.aplicativorepasse.com.br\/blog\/wp-content\/uploads\/2017\/08\/repasse-app-store-300x97.png\" alt=\"\" width=\"186\" height=\"60\" srcset=\"https:\/\/repasses.com.br\/blog\/wp-content\/uploads\/2017\/08\/repasse-app-store-300x97.png 300w, https:\/\/repasses.com.br\/blog\/wp-content\/uploads\/2017\/08\/repasse-app-store.png 518w\" sizes=\"(max-width: 186px) 100vw, 186px\" \/><img loading=\"lazy\" style=\"float: left; margin: 10px 20px;\" src=\"http:\/\/www.aplicativorepasse.com.br\/blog\/wp-content\/uploads\/2017\/08\/repasse-play-store-300x89.png\" alt=\"\" width=\"185\" height=\"55\" \/><\/p>\n","protected":false},"excerpt":{"rendered":"<p>Baixe o Aplicativo Repasse &#8212;&#8212;&#8212;&#8212;&#8212;&#8212;&#8212; Instale e conhe\u00e7a o melhor Aplicativo para compra e venda de ve\u00edculos de Repasse do Brasil. Centenas de lojistas, profissionais do ramo e particulares para voc\u00ea negociar. Em todas as ofertas, voc\u00ea tem a certeza de que o valor est\u00e1 abaixo da tabela FIPE.<\/p>\n","protected":false},"author":2,"featured_media":0,"parent":0,"menu_order":0,"comment_status":"closed","ping_status":"closed","template":"page-fullwidth.php","meta":[],"_links":{"self":[{"href":"https:\/\/repasses.com.br\/blog\/wp-json\/wp\/v2\/pages\/41"}],"collection":[{"href":"https:\/\/repasses.com.br\/blog\/wp-json\/wp\/v2\/pages"}],"about":[{"href":"https:\/\/repasses.com.br\/blog\/wp-json\/wp\/v2\/types\/page"}],"author":[{"embeddable":true,"href":"https:\/\/repasses.com.br\/blog\/wp-json\/wp\/v2\/users\/2"}],"replies":[{"embeddable":true,"href":"https:\/\/repasses.com.br\/blog\/wp-json\/wp\/v2\/comments?post=41"}],"version-history":[{"count":19,"href":"https:\/\/repasses.com.br\/blog\/wp-json\/wp\/v2\/pages\/41\/revisions"}],"predecessor-version":[{"id":87,"href":"https:\/\/repasses.com.br\/blog\/wp-json\/wp\/v2\/pages\/41\/revisions\/87"}],"wp:attachment":[{"href":"https:\/\/repasses.com.br\/blog\/wp-json\/wp\/v2\/media?parent=41"}],"curies":[{"name":"wp","href":"https:\/\/api.w.org\/{rel}","templated":true}]}}